{"id":2533,"date":"2022-11-02T20:06:31","date_gmt":"2022-11-02T20:06:31","guid":{"rendered":"https:\/\/eb-bau.at\/?page_id=2533"},"modified":"2022-11-02T20:28:08","modified_gmt":"2022-11-02T20:28:08","slug":"impressum","status":"publish","type":"page","link":"https:\/\/eb-bau.at\/index.php\/impressum\/","title":{"rendered":"Impressum"},"content":{"rendered":"\t\t<div data-elementor-type=\"wp-page\" data-elementor-id=\"2533\" class=\"elementor elementor-2533\">\n\t\t\t\t\t\t<section class=\"elementor-section elementor-top-section elementor-element elementor-element-aeb1810 elementor-section-boxed elementor-section-height-default elementor-section-height-default\" data-id=\"aeb1810\" data-element_type=\"section\">\n\t\t\t\t\t\t<div class=\"elementor-container elementor-column-gap-default\">\n\t\t\t\t\t<div class=\"elementor-column elementor-col-100 elementor-top-column elementor-element elementor-element-fa98aa8\" data-id=\"fa98aa8\" data-element_type=\"column\">\n\t\t\t<div class=\"elementor-widget-wrap elementor-element-populated\">\n\t\t\t\t\t\t<div class=\"elementor-element elementor-element-7b729fa elementor-widget elementor-widget-heading\" data-id=\"7b729fa\" data-element_type=\"widget\" data-widget_type=\"heading.default\">\n\t\t\t\t<div class=\"elementor-widget-container\">\n\t\t\t<style>\/*! elementor - v3.22.0 - 26-06-2024 *\/\n.elementor-heading-title{padding:0;margin:0;line-height:1}.elementor-widget-heading .elementor-heading-title[class*=elementor-size-]>a{color:inherit;font-size:inherit;line-height:inherit}.elementor-widget-heading .elementor-heading-title.elementor-size-small{font-size:15px}.elementor-widget-heading .elementor-heading-title.elementor-size-medium{font-size:19px}.elementor-widget-heading .elementor-heading-title.elementor-size-large{font-size:29px}.elementor-widget-heading .elementor-heading-title.elementor-size-xl{font-size:39px}.elementor-widget-heading .elementor-heading-title.elementor-size-xxl{font-size:59px}<\/style><h2 class=\"elementor-heading-title elementor-size-default\">Impressum<\/h2>\t\t<\/div>\n\t\t\t\t<\/div>\n\t\t\t\t<div class=\"elementor-element elementor-element-011c7c9 elementor-widget elementor-widget-text-editor\" data-id=\"011c7c9\" data-element_type=\"widget\" data-widget_type=\"text-editor.default\">\n\t\t\t\t<div class=\"elementor-widget-container\">\n\t\t\t<style>\/*! elementor - v3.22.0 - 26-06-2024 *\/\n.elementor-widget-text-editor.elementor-drop-cap-view-stacked .elementor-drop-cap{background-color:#69727d;color:#fff}.elementor-widget-text-editor.elementor-drop-cap-view-framed .elementor-drop-cap{color:#69727d;border:3px solid;background-color:transparent}.elementor-widget-text-editor:not(.elementor-drop-cap-view-default) .elementor-drop-cap{margin-top:8px}.elementor-widget-text-editor:not(.elementor-drop-cap-view-default) .elementor-drop-cap-letter{width:1em;height:1em}.elementor-widget-text-editor .elementor-drop-cap{float:left;text-align:center;line-height:1;font-size:50px}.elementor-widget-text-editor .elementor-drop-cap-letter{display:inline-block}<\/style>\t\t\t\t<p>Informationspflicht laut \u00a75 E-Commerce Gesetz, \u00a714 Unternehmensgesetzbuch, \u00a763 Gewerbeordnung und Offenlegungspflicht laut \u00a725 Mediengesetz.<\/p><p><b>EB Bau GmbH<\/b><\/p><p><span style=\"font-style: inherit; font-weight: inherit; background-color: var(--ast-global-color-4); color: var(--ast-global-color-3);\">Steuerberg 13<\/span><\/p><p>9560\u00a0Feldkirchen (Ktn.)<\/p><p><b><u>Kontakt:<\/u><\/b><br \/>Telefon:\u00a0<a href=\"tel:0427120520\">04271 20520<\/a><br \/>E-Mail:\u00a0<a href=\"mailto:office@eb-bau.at?subject=Anfrage%20zu%20Ihrem%20Unternehmen%20auf%20FirmenABC.at\">office@eb-bau.at<\/a><\/p><p><b><u>Unternehmensgegenstand:\u00a0<\/u><\/b><\/p><ul><li>Holzbaugewerbetreibender, eingeschr\u00e4nkt auf ausf\u00fchrende T\u00e4tigkeiten<\/li><li>Baugewerbetreibender (\u00a7 94 Z 5 GewO 1994), eingeschr\u00e4nkt auf die Ausf\u00fchrung von Hochbauten und anderen verwandten Bauten bis 200 m2 Nutzfl\u00e4che sowie auf ausf\u00fchrende T\u00e4tigkeiten der Instandsetzung und Instandhaltung von Hochbauten<\/li><li>Landwirtschaftliche Lohnarbeiten (M\u00e4hen, Pressen und Vakuumieren von Heu, Schneer\u00e4umung und Stra\u00dfenkehren) gem. \u00a7 5 Abs. 2 GewO 1994<\/li><\/ul><p><b>Firmenbuchgericht<\/b>:\u00a0Landesgericht Klagenfurt<br \/><b>Firmenbuchnummer<\/b>: 242155k<\/p><p>\u00a0<\/p><p>Mitglied der Wirtschaftskammer K\u00e4rnten. Abrufbar unter:\u00a0<a href=\"https:\/\/firmen.wko.at\/eb-bau-gmbh\/k%C3%A4rnten\/?firmaid=6ba99386-3195-4303-a5c7-42af36de8f24\">WKO.<\/a>\u00a0<span style=\"font-style: inherit; font-weight: inherit; background-color: var(--ast-global-color-4); color: var(--ast-global-color-3);\">Beh\u00f6rde gem. ECG (E-Commerce Gesetz):\u00a0Bezirkshauptmannschaft Klagenfurt<\/span><\/p><p>Alle Inhalte dieser Webseite (Bilder, Fotos, Texte, Videos) unterliegen dem Urheberrecht. Falls notwendig, werden wir die unerlaubte Nutzung von Teilen der Inhalte unserer Seite rechtlich verfolgen.<\/p><p><u><b>Bildernachweis:<br \/><\/b><\/u>Die Bilder, Fotos und Grafiken auf dieser Webseite sind urheberrechtlich gesch\u00fctzt.<\/p><p>Die Bilderrechte liegen bei den folgenden Fotografen und Unternehmen:<br \/>Ing. Dipl.-Ing. (FH) Thomas Kohlweiss Basic4Web.com<\/p><p><u><span style=\"font-weight: bold;\">Hosting &amp; Technik:<br \/><\/span><\/u><strong>Ing. Dipl.-Ing. (FH) Thomas Kohlweiss<\/strong><br \/><a href=\"https:\/\/www.basic4web.com\/\">Basic4Web.com<\/a><\/p><p>\u00a0<\/p>\t\t\t\t\t\t<\/div>\n\t\t\t\t<\/div>\n\t\t\t\t\t<\/div>\n\t\t<\/div>\n\t\t\t\t\t<\/div>\n\t\t<\/section>\n\t\t\t\t<\/div>\n\t\t","protected":false},"excerpt":{"rendered":"<p>Impressum Informationspflicht laut \u00a75 E-Commerce Gesetz, \u00a714 Unternehmensgesetzbuch, \u00a763 Gewerbeordnung und Offenlegungspflicht laut \u00a725 Mediengesetz. EB Bau GmbH Steuerberg 13 9560\u00a0Feldkirchen (Ktn.) Kontakt:Telefon:\u00a004271 20520E-Mail:\u00a0office@eb-bau.at Unternehmensgegenstand:\u00a0 Holzbaugewerbetreibender, eingeschr\u00e4nkt auf ausf\u00fchrende T\u00e4tigkeiten Baugewerbetreibender (\u00a7 94 Z 5 GewO 1994), eingeschr\u00e4nkt auf die Ausf\u00fchrung von Hochbauten und anderen verwandten Bauten bis 200 m2 Nutzfl\u00e4che sowie auf ausf\u00fchrende T\u00e4tigkeiten [&hellip;]<\/p>\n","protected":false},"author":2,"featured_media":0,"parent":0,"menu_order":0,"comment_status":"closed","ping_status":"closed","template":"","meta":{"site-sidebar-layout":"no-sidebar","site-content-layout":"page-builder","ast-site-content-layout":"","site-content-style":"default","site-sidebar-style":"default","ast-global-header-display":"","ast-banner-title-visibility":"","ast-main-header-display":"","ast-hfb-above-header-display":"","ast-hfb-below-header-display":"","ast-hfb-mobile-header-display":"","site-post-title":"disabled","ast-breadcrumbs-content":"","ast-featured-img":"disabled","footer-sml-layout":"","theme-transparent-header-meta":"","adv-header-id-meta":"","stick-header-meta":"","header-above-stick-meta":"","header-main-stick-meta":"","header-below-stick-meta":"","astra-migrate-meta-layouts":"default","ast-page-background-enabled":"default","ast-page-background-meta":{"desktop":{"background-color":"","background-image":"","background-repeat":"repeat","background-position":"center center","background-size":"auto","background-attachment":"scroll","background-type":"","background-media":"","overlay-type":"","overlay-color":"","overlay-opacity":"","overlay-gradient":""},"tablet":{"background-color":"","background-image":"","background-repeat":"repeat","background-position":"center center","background-size":"auto","background-attachment":"scroll","background-type":"","background-media":"","overlay-type":"","overlay-color":"","overlay-opacity":"","overlay-gradient":""},"mobile":{"background-color":"","background-image":"","background-repeat":"repeat","background-position":"center center","background-size":"auto","background-attachment":"scroll","background-type":"","background-media":"","overlay-type":"","overlay-color":"","overlay-opacity":"","overlay-gradient":""}},"ast-content-background-meta":{"desktop":{"background-color":"var(--ast-global-color-5)","background-image":"","background-repeat":"repeat","background-position":"center center","background-size":"auto","background-attachment":"scroll","background-type":"","background-media":"","overlay-type":"","overlay-color":"","overlay-opacity":"","overlay-gradient":""},"tablet":{"background-color":"var(--ast-global-color-5)","background-image":"","background-repeat":"repeat","background-position":"center center","background-size":"auto","background-attachment":"scroll","background-type":"","background-media":"","overlay-type":"","overlay-color":"","overlay-opacity":"","overlay-gradient":""},"mobile":{"background-color":"var(--ast-global-color-5)","background-image":"","background-repeat":"repeat","background-position":"center center","background-size":"auto","background-attachment":"scroll","background-type":"","background-media":"","overlay-type":"","overlay-color":"","overlay-opacity":"","overlay-gradient":""}},"footnotes":""},"class_list":["post-2533","page","type-page","status-publish","hentry"],"yoast_head":"<!-- This site is optimized with the Yoast SEO plugin v23.0 - https:\/\/yoast.com\/wordpress\/plugins\/seo\/ -->\n<title>Impressum - Bauunternehmen Feldkirchen **EB-Bau.at**<\/title>\n<meta name=\"robots\" content=\"index, follow, max-snippet:-1, max-image-preview:large, max-video-preview:-1\" \/>\n<link rel=\"canonical\" href=\"https:\/\/eb-bau.at\/index.php\/impressum\/\" \/>\n<meta property=\"og:locale\" content=\"de_DE\" \/>\n<meta property=\"og:type\" content=\"article\" \/>\n<meta property=\"og:title\" content=\"Impressum - Bauunternehmen Feldkirchen **EB-Bau.at**\" \/>\n<meta property=\"og:description\" content=\"Impressum Informationspflicht laut \u00a75 E-Commerce Gesetz, \u00a714 Unternehmensgesetzbuch, \u00a763 Gewerbeordnung und Offenlegungspflicht laut \u00a725 Mediengesetz. EB Bau GmbH Steuerberg 13 9560\u00a0Feldkirchen (Ktn.) Kontakt:Telefon:\u00a004271 20520E-Mail:\u00a0office@eb-bau.at Unternehmensgegenstand:\u00a0 Holzbaugewerbetreibender, eingeschr\u00e4nkt auf ausf\u00fchrende T\u00e4tigkeiten Baugewerbetreibender (\u00a7 94 Z 5 GewO 1994), eingeschr\u00e4nkt auf die Ausf\u00fchrung von Hochbauten und anderen verwandten Bauten bis 200 m2 Nutzfl\u00e4che sowie auf ausf\u00fchrende T\u00e4tigkeiten [&hellip;]\" \/>\n<meta property=\"og:url\" content=\"https:\/\/eb-bau.at\/index.php\/impressum\/\" \/>\n<meta property=\"og:site_name\" content=\"Bauunternehmen Feldkirchen **EB-Bau.at**\" \/>\n<meta property=\"article:modified_time\" content=\"2022-11-02T20:28:08+00:00\" \/>\n<meta name=\"twitter:card\" content=\"summary_large_image\" \/>\n<meta name=\"twitter:label1\" content=\"Gesch\u00e4tzte Lesezeit\" \/>\n\t<meta name=\"twitter:data1\" content=\"1\u00a0Minute\" \/>\n<script type=\"application\/ld+json\" class=\"yoast-schema-graph\">{\"@context\":\"https:\/\/schema.org\",\"@graph\":[{\"@type\":\"WebPage\",\"@id\":\"https:\/\/eb-bau.at\/index.php\/impressum\/\",\"url\":\"https:\/\/eb-bau.at\/index.php\/impressum\/\",\"name\":\"Impressum - Bauunternehmen Feldkirchen **EB-Bau.at**\",\"isPartOf\":{\"@id\":\"https:\/\/eb-bau.at\/#website\"},\"datePublished\":\"2022-11-02T20:06:31+00:00\",\"dateModified\":\"2022-11-02T20:28:08+00:00\",\"breadcrumb\":{\"@id\":\"https:\/\/eb-bau.at\/index.php\/impressum\/#breadcrumb\"},\"inLanguage\":\"de\",\"potentialAction\":[{\"@type\":\"ReadAction\",\"target\":[\"https:\/\/eb-bau.at\/index.php\/impressum\/\"]}]},{\"@type\":\"BreadcrumbList\",\"@id\":\"https:\/\/eb-bau.at\/index.php\/impressum\/#breadcrumb\",\"itemListElement\":[{\"@type\":\"ListItem\",\"position\":1,\"name\":\"Startseite\",\"item\":\"https:\/\/eb-bau.at\/\"},{\"@type\":\"ListItem\",\"position\":2,\"name\":\"Impressum\"}]},{\"@type\":\"WebSite\",\"@id\":\"https:\/\/eb-bau.at\/#website\",\"url\":\"https:\/\/eb-bau.at\/\",\"name\":\"Bauunternehmen Feldkirchen **EB-Bau.at**\",\"description\":\"Bauunternehmen Feldkirchen **EB-Bau.at**\",\"publisher\":{\"@id\":\"https:\/\/eb-bau.at\/#organization\"},\"potentialAction\":[{\"@type\":\"SearchAction\",\"target\":{\"@type\":\"EntryPoint\",\"urlTemplate\":\"https:\/\/eb-bau.at\/?s={search_term_string}\"},\"query-input\":\"required name=search_term_string\"}],\"inLanguage\":\"de\"},{\"@type\":\"Organization\",\"@id\":\"https:\/\/eb-bau.at\/#organization\",\"name\":\"Bauunternehmen Feldkirchen **EB-Bau.at**\",\"url\":\"https:\/\/eb-bau.at\/\",\"logo\":{\"@type\":\"ImageObject\",\"inLanguage\":\"de\",\"@id\":\"https:\/\/eb-bau.at\/#\/schema\/logo\/image\/\",\"url\":\"https:\/\/eb-bau.at\/wp-content\/uploads\/2022\/11\/Logo-HQ-wo_bg.png\",\"contentUrl\":\"https:\/\/eb-bau.at\/wp-content\/uploads\/2022\/11\/Logo-HQ-wo_bg.png\",\"width\":731,\"height\":341,\"caption\":\"Bauunternehmen Feldkirchen **EB-Bau.at**\"},\"image\":{\"@id\":\"https:\/\/eb-bau.at\/#\/schema\/logo\/image\/\"}}]}<\/script>\n<!-- \/ Yoast SEO plugin. -->","yoast_head_json":{"title":"Impressum - Bauunternehmen Feldkirchen **EB-Bau.at**","robots":{"index":"index","follow":"follow","max-snippet":"max-snippet:-1","max-image-preview":"max-image-preview:large","max-video-preview":"max-video-preview:-1"},"canonical":"https:\/\/eb-bau.at\/index.php\/impressum\/","og_locale":"de_DE","og_type":"article","og_title":"Impressum - Bauunternehmen Feldkirchen **EB-Bau.at**","og_description":"Impressum Informationspflicht laut \u00a75 E-Commerce Gesetz, \u00a714 Unternehmensgesetzbuch, \u00a763 Gewerbeordnung und Offenlegungspflicht laut \u00a725 Mediengesetz. EB Bau GmbH Steuerberg 13 9560\u00a0Feldkirchen (Ktn.) Kontakt:Telefon:\u00a004271 20520E-Mail:\u00a0office@eb-bau.at Unternehmensgegenstand:\u00a0 Holzbaugewerbetreibender, eingeschr\u00e4nkt auf ausf\u00fchrende T\u00e4tigkeiten Baugewerbetreibender (\u00a7 94 Z 5 GewO 1994), eingeschr\u00e4nkt auf die Ausf\u00fchrung von Hochbauten und anderen verwandten Bauten bis 200 m2 Nutzfl\u00e4che sowie auf ausf\u00fchrende T\u00e4tigkeiten [&hellip;]","og_url":"https:\/\/eb-bau.at\/index.php\/impressum\/","og_site_name":"Bauunternehmen Feldkirchen **EB-Bau.at**","article_modified_time":"2022-11-02T20:28:08+00:00","twitter_card":"summary_large_image","twitter_misc":{"Gesch\u00e4tzte Lesezeit":"1\u00a0Minute"},"schema":{"@context":"https:\/\/schema.org","@graph":[{"@type":"WebPage","@id":"https:\/\/eb-bau.at\/index.php\/impressum\/","url":"https:\/\/eb-bau.at\/index.php\/impressum\/","name":"Impressum - Bauunternehmen Feldkirchen **EB-Bau.at**","isPartOf":{"@id":"https:\/\/eb-bau.at\/#website"},"datePublished":"2022-11-02T20:06:31+00:00","dateModified":"2022-11-02T20:28:08+00:00","breadcrumb":{"@id":"https:\/\/eb-bau.at\/index.php\/impressum\/#breadcrumb"},"inLanguage":"de","potentialAction":[{"@type":"ReadAction","target":["https:\/\/eb-bau.at\/index.php\/impressum\/"]}]},{"@type":"BreadcrumbList","@id":"https:\/\/eb-bau.at\/index.php\/impressum\/#breadcrumb","itemListElement":[{"@type":"ListItem","position":1,"name":"Startseite","item":"https:\/\/eb-bau.at\/"},{"@type":"ListItem","position":2,"name":"Impressum"}]},{"@type":"WebSite","@id":"https:\/\/eb-bau.at\/#website","url":"https:\/\/eb-bau.at\/","name":"Bauunternehmen Feldkirchen **EB-Bau.at**","description":"Bauunternehmen Feldkirchen **EB-Bau.at**","publisher":{"@id":"https:\/\/eb-bau.at\/#organization"},"potentialAction":[{"@type":"SearchAction","target":{"@type":"EntryPoint","urlTemplate":"https:\/\/eb-bau.at\/?s={search_term_string}"},"query-input":"required name=search_term_string"}],"inLanguage":"de"},{"@type":"Organization","@id":"https:\/\/eb-bau.at\/#organization","name":"Bauunternehmen Feldkirchen **EB-Bau.at**","url":"https:\/\/eb-bau.at\/","logo":{"@type":"ImageObject","inLanguage":"de","@id":"https:\/\/eb-bau.at\/#\/schema\/logo\/image\/","url":"https:\/\/eb-bau.at\/wp-content\/uploads\/2022\/11\/Logo-HQ-wo_bg.png","contentUrl":"https:\/\/eb-bau.at\/wp-content\/uploads\/2022\/11\/Logo-HQ-wo_bg.png","width":731,"height":341,"caption":"Bauunternehmen Feldkirchen **EB-Bau.at**"},"image":{"@id":"https:\/\/eb-bau.at\/#\/schema\/logo\/image\/"}}]}},"_links":{"self":[{"href":"https:\/\/eb-bau.at\/index.php\/wp-json\/wp\/v2\/pages\/2533","targetHints":{"allow":["GET"]}}],"collection":[{"href":"https:\/\/eb-bau.at\/index.php\/wp-json\/wp\/v2\/pages"}],"about":[{"href":"https:\/\/eb-bau.at\/index.php\/wp-json\/wp\/v2\/types\/page"}],"author":[{"embeddable":true,"href":"https:\/\/eb-bau.at\/index.php\/wp-json\/wp\/v2\/users\/2"}],"replies":[{"embeddable":true,"href":"https:\/\/eb-bau.at\/index.php\/wp-json\/wp\/v2\/comments?post=2533"}],"version-history":[{"count":16,"href":"https:\/\/eb-bau.at\/index.php\/wp-json\/wp\/v2\/pages\/2533\/revisions"}],"predecessor-version":[{"id":2551,"href":"https:\/\/eb-bau.at\/index.php\/wp-json\/wp\/v2\/pages\/2533\/revisions\/2551"}],"wp:attachment":[{"href":"https:\/\/eb-bau.at\/index.php\/wp-json\/wp\/v2\/media?parent=2533"}],"curies":[{"name":"wp","href":"https:\/\/api.w.org\/{rel}","templated":true}]}}